{"id":134,"date":"2021-04-21T15:35:25","date_gmt":"2021-04-21T13:35:25","guid":{"rendered":"https:\/\/freezeproductions.dk\/?page_id=134"},"modified":"2026-04-29T14:32:58","modified_gmt":"2026-04-29T12:32:58","slug":"den-groenlandske-mand","status":"publish","type":"page","link":"https:\/\/freezeproductions.dk\/en\/den-groenlandske-mand\/","title":{"rendered":"THE GREENLANDIC MAN"},"content":{"rendered":"<figure class=\"wp-block-image size-large\"><img data-recalc-dims=\"1\" fetchpriority=\"high\" decoding=\"async\" width=\"750\" height=\"501\" data-attachment-id=\"232\" data-permalink=\"https:\/\/freezeproductions.dk\/en\/dsc02677-2-2\/\" data-orig-file=\"https:\/\/i0.wp.com\/freezeproductions.dk\/wp-content\/uploads\/2021\/05\/dsc02677-2-edited.jpeg?fit=3903%2C2609&amp;ssl=1\" data-orig-size=\"3903,2609\" data-comments-opened=\"1\" data-image-meta=\"{&quot;aperture&quot;:&quot;4&quot;,&quot;credit&quot;:&quot;&quot;,&quot;camera&quot;:&quot;ILCE-6300&quot;,&quot;caption&quot;:&quot;&quot;,&quot;created_timestamp&quot;:&quot;1504619077&quot;,&quot;copyright&quot;:&quot;&quot;,&quot;focal_length&quot;:&quot;118&quot;,&quot;iso&quot;:&quot;3200&quot;,&quot;shutter_speed&quot;:&quot;0.005&quot;,&quot;title&quot;:&quot;&quot;,&quot;orientation&quot;:&quot;0&quot;}\" data-image-title=\"dsc02677-2\" data-image-description=\"\" data-image-caption=\"\" data-large-file=\"https:\/\/i0.wp.com\/freezeproductions.dk\/wp-content\/uploads\/2021\/05\/dsc02677-2-edited.jpeg?fit=750%2C501&amp;ssl=1\" src=\"https:\/\/i0.wp.com\/freezeproductions.dk\/wp-content\/uploads\/2021\/05\/dsc02677-2-edited.jpeg?resize=750%2C501&#038;ssl=1\" alt=\"\" class=\"wp-image-232\"\/><\/figure>\n\n\n\n<p class=\"wp-block-paragraph\">The Greenlandic Man is a performance for and about the Greenlandic man. It is about his dreams, loves, life, desires, sexuality, joys and sorrows. A performance that springs out of narrations from the real Greenlandic man.<\/p>\n\n\n\n<p class=\"wp-block-paragraph\">It deals with the Greenlandic Man in 21st century. His identity and his relationship to women - Greenlandic and Danish women, to himself and his identity as a man in a world that is changing. With this performance we dig into what lies behind the myths and the prejudices to confront the image created by the media which many Greenlandic men nowadays are suppressed by. We wish to give the Greenlandic man a new horizon from which he can define himself and his societal role.<\/p>\n\n\n\n<style>\n  \/* Centrerer videoen og fjerner luft *\/\n  .video-main-container {\n    width: 100%;\n    max-width: 100%; \n    margin-left: auto !important;\n    margin-right: auto !important;\n    margin-top: 0 !important;\n    margin-bottom: 0 !important;\n    padding: 0 !important;\n    display: block;\n  }\n  \n  \/* 16:9 format sikring *\/\n  .video-inner-wrapper {\n    position: relative;\n    padding-bottom: 56.25%;\n    height: 0;\n    overflow: hidden;\n    margin: 0 !important;\n  }\n  \n  .video-inner-wrapper iframe {\n    position: absolute;\n    top: 0;\n    left: 0;\n    width: 100%;\n    height: 100%;\n    border: 0;\n  }\n<\/style>\n\n<div class=\"video-main-container\">\n<div class=\"video-inner-wrapper\"><iframe src=\"https:\/\/player.vimeo.com\/video\/236913654?title=1&amp;byline=0&amp;portrait=0&amp;badge=0&amp;autopause=0&amp;player_id=0&amp;app_id=58479\" frameborder=\"0\" allow=\"autoplay; fullscreen; picture-in-picture; clipboard-write; encrypted-media; web-share\" referrerpolicy=\"strict-origin-when-cross-origin\" style=\"position:absolute;top:0;left:0;width:100%;height:100%;\" title=\"Den gr\u00f8nlandske mand trailer\"><\/iframe><\/div><script src=\"https:\/\/player.vimeo.com\/api\/player.js\"><\/script><\/div>\n\n\n\n<p class=\"wp-block-paragraph\">Credits her<\/p>\n\n\n\n<div class=\"wp-block-jetpack-slideshow aligncenter\" data-effect=\"slide\"><div class=\"wp-block-jetpack-slideshow_container swiper\"><ul class=\"wp-block-jetpack-slideshow_swiper-wrapper swiper-wrapper\"><li class=\"wp-block-jetpack-slideshow_slide swiper-slide\"><figure><img data-recalc-dims=\"1\" decoding=\"async\" width=\"750\" height=\"500\" alt=\"\" class=\"wp-block-jetpack-slideshow_image wp-image-202\" data-id=\"202\" src=\"https:\/\/i0.wp.com\/freezeproductions.dk\/wp-content\/uploads\/2021\/04\/den-groenlandske-mand.jpeg?resize=750%2C500&#038;ssl=1\"\/><\/figure><\/li><li class=\"wp-block-jetpack-slideshow_slide swiper-slide\"><figure><img data-recalc-dims=\"1\" decoding=\"async\" width=\"750\" height=\"500\" alt=\"\" class=\"wp-block-jetpack-slideshow_image wp-image-587\" data-id=\"587\" src=\"https:\/\/i0.wp.com\/freezeproductions.dk\/wp-content\/uploads\/2021\/07\/IMG_3210.jpeg?resize=750%2C500&#038;ssl=1\" srcset=\"https:\/\/i0.wp.com\/freezeproductions.dk\/wp-content\/uploads\/2021\/07\/IMG_3210.jpeg?w=5184&amp;ssl=1 5184w, https:\/\/i0.wp.com\/freezeproductions.dk\/wp-content\/uploads\/2021\/07\/IMG_3210.jpeg?resize=300%2C200&amp;ssl=1 300w, https:\/\/i0.wp.com\/freezeproductions.dk\/wp-content\/uploads\/2021\/07\/IMG_3210.jpeg?resize=1024%2C683&amp;ssl=1 1024w, https:\/\/i0.wp.com\/freezeproductions.dk\/wp-content\/uploads\/2021\/07\/IMG_3210.jpeg?resize=768%2C512&amp;ssl=1 768w, https:\/\/i0.wp.com\/freezeproductions.dk\/wp-content\/uploads\/2021\/07\/IMG_3210.jpeg?resize=1536%2C1024&amp;ssl=1 1536w, https:\/\/i0.wp.com\/freezeproductions.dk\/wp-content\/uploads\/2021\/07\/IMG_3210.jpeg?resize=2048%2C1365&amp;ssl=1 2048w, https:\/\/i0.wp.com\/freezeproductions.dk\/wp-content\/uploads\/2021\/07\/IMG_3210.jpeg?resize=16%2C12&amp;ssl=1 16w, https:\/\/i0.wp.com\/freezeproductions.dk\/wp-content\/uploads\/2021\/07\/IMG_3210.jpeg?resize=1200%2C800&amp;ssl=1 1200w, https:\/\/i0.wp.com\/freezeproductions.dk\/wp-content\/uploads\/2021\/07\/IMG_3210.jpeg?resize=1568%2C1045&amp;ssl=1 1568w, https:\/\/i0.wp.com\/freezeproductions.dk\/wp-content\/uploads\/2021\/07\/IMG_3210.jpeg?w=2250&amp;ssl=1 2250w\" sizes=\"(max-width: 750px) 100vw, 750px\" \/><\/figure><\/li><li class=\"wp-block-jetpack-slideshow_slide swiper-slide\"><figure><img data-recalc-dims=\"1\" loading=\"lazy\" decoding=\"async\" width=\"750\" height=\"500\" alt=\"\" class=\"wp-block-jetpack-slideshow_image wp-image-593\" data-id=\"593\" src=\"https:\/\/i0.wp.com\/freezeproductions.dk\/wp-content\/uploads\/2021\/07\/IMG_3245-1.jpeg?resize=750%2C500&#038;ssl=1\" srcset=\"https:\/\/i0.wp.com\/freezeproductions.dk\/wp-content\/uploads\/2021\/07\/IMG_3245-1.jpeg?w=5184&amp;ssl=1 5184w, https:\/\/i0.wp.com\/freezeproductions.dk\/wp-content\/uploads\/2021\/07\/IMG_3245-1.jpeg?resize=300%2C200&amp;ssl=1 300w, https:\/\/i0.wp.com\/freezeproductions.dk\/wp-content\/uploads\/2021\/07\/IMG_3245-1.jpeg?resize=1024%2C683&amp;ssl=1 1024w, https:\/\/i0.wp.com\/freezeproductions.dk\/wp-content\/uploads\/2021\/07\/IMG_3245-1.jpeg?resize=768%2C512&amp;ssl=1 768w, https:\/\/i0.wp.com\/freezeproductions.dk\/wp-content\/uploads\/2021\/07\/IMG_3245-1.jpeg?resize=1536%2C1024&amp;ssl=1 1536w, https:\/\/i0.wp.com\/freezeproductions.dk\/wp-content\/uploads\/2021\/07\/IMG_3245-1.jpeg?resize=2048%2C1365&amp;ssl=1 2048w, https:\/\/i0.wp.com\/freezeproductions.dk\/wp-content\/uploads\/2021\/07\/IMG_3245-1.jpeg?resize=16%2C12&amp;ssl=1 16w, https:\/\/i0.wp.com\/freezeproductions.dk\/wp-content\/uploads\/2021\/07\/IMG_3245-1.jpeg?resize=1200%2C800&amp;ssl=1 1200w, https:\/\/i0.wp.com\/freezeproductions.dk\/wp-content\/uploads\/2021\/07\/IMG_3245-1.jpeg?resize=1568%2C1045&amp;ssl=1 1568w, https:\/\/i0.wp.com\/freezeproductions.dk\/wp-content\/uploads\/2021\/07\/IMG_3245-1.jpeg?w=2250&amp;ssl=1 2250w\" sizes=\"(max-width: 750px) 100vw, 750px\" \/><\/figure><\/li><\/ul><a class=\"wp-block-jetpack-slideshow_button-prev swiper-button-prev swiper-button-white\" role=\"button\"><\/a><a class=\"wp-block-jetpack-slideshow_button-next swiper-button-next swiper-button-white\" role=\"button\"><\/a><a aria-label=\"Pause Slideshow\" class=\"wp-block-jetpack-slideshow_button-pause\" role=\"button\"><\/a><div class=\"wp-block-jetpack-slideshow_pagination swiper-pagination swiper-pagination-white\"><\/div><\/div><\/div>","protected":false},"excerpt":{"rendered":"<p>Den Gr\u00f8nlandske Mand\/\/Angutivik er en forestilling til og om den gr\u00f8nlandske mand. En forestilling om hans dr\u00f8mme, k\u00e6rlighed, liv, l\u00e6ngsler, seksualitet, gl\u00e6der og sorger. En forestilling, der er bygget p\u00e5 virkelige historier fra manden selv. Den handler om den gr\u00f8nlandske mand i det nye \u00e5rtusinde; hans identitet, selvforst\u00e5else og hans forhold til kvinden, den gr\u00f8nlandske<a class=\"more-link\" href=\"https:\/\/freezeproductions.dk\/en\/den-groenlandske-mand\/\">Continue reading <span class=\"screen-reader-text\">&#8220;DEN GR\u00d8NDLANDSKE MAND\/\/ANGUTIVIK&#8221;<\/span><\/a><\/p>","protected":false},"author":206625827,"featured_media":0,"parent":0,"menu_order":0,"comment_status":"closed","ping_status":"closed","template":"","meta":{"_coblocks_attr":"","_coblocks_dimensions":"","_coblocks_responsive_height":"","_coblocks_accordion_ie_support":"","_crdt_document":"","advanced_seo_description":"","jetpack_seo_html_title":"","jetpack_seo_noindex":false,"footnotes":""},"class_list":["post-134","page","type-page","status-publish","hentry","entry"],"jetpack_likes_enabled":true,"jetpack_sharing_enabled":true,"jetpack_shortlink":"https:\/\/wp.me\/PcYt2q-2a","amp_enabled":true,"_links":{"self":[{"href":"https:\/\/freezeproductions.dk\/en\/wp-json\/wp\/v2\/pages\/134","targetHints":{"allow":["GET"]}}],"collection":[{"href":"https:\/\/freezeproductions.dk\/en\/wp-json\/wp\/v2\/pages"}],"about":[{"href":"https:\/\/freezeproductions.dk\/en\/wp-json\/wp\/v2\/types\/page"}],"author":[{"embeddable":true,"href":"https:\/\/freezeproductions.dk\/en\/wp-json\/wp\/v2\/users\/206625827"}],"replies":[{"embeddable":true,"href":"https:\/\/freezeproductions.dk\/en\/wp-json\/wp\/v2\/comments?post=134"}],"version-history":[{"count":17,"href":"https:\/\/freezeproductions.dk\/en\/wp-json\/wp\/v2\/pages\/134\/revisions"}],"predecessor-version":[{"id":3021,"href":"https:\/\/freezeproductions.dk\/en\/wp-json\/wp\/v2\/pages\/134\/revisions\/3021"}],"wp:attachment":[{"href":"https:\/\/freezeproductions.dk\/en\/wp-json\/wp\/v2\/media?parent=134"}],"curies":[{"name":"wp","href":"https:\/\/api.w.org\/{rel}","templated":true}]}}