{"id":2724,"date":"2026-02-05T13:47:18","date_gmt":"2026-02-05T12:47:18","guid":{"rendered":"https:\/\/freezeproductions.dk\/?page_id=2724"},"modified":"2026-02-13T12:52:00","modified_gmt":"2026-02-13T11:52:00","slug":"fugle-kvinden","status":"publish","type":"page","link":"https:\/\/freezeproductions.dk\/en\/tre-groenlandske-kvindemonologer\/fugle-kvinden\/","title":{"rendered":"BIRD-WOMAN"},"content":{"rendered":"<figure class=\"wp-block-image size-full is-resized\"><img data-recalc-dims=\"1\" fetchpriority=\"high\" decoding=\"async\" width=\"750\" height=\"600\" data-attachment-id=\"2572\" data-permalink=\"https:\/\/freezeproductions.dk\/en\/freeze-unplugged\/freeze-unlugged-fugle-kvinden_karina_moeller_fotoafniels-gerther\/\" data-orig-file=\"https:\/\/i0.wp.com\/freezeproductions.dk\/wp-content\/uploads\/2025\/09\/Freeze-unlugged-Fugle-Kvinden_Karina_Moeller_fotoafNiels-Gerther.jpg?fit=1000%2C800&amp;ssl=1\" data-orig-size=\"1000,800\" data-comments-opened=\"1\" data-image-meta=\"{&quot;aperture&quot;:&quot;0&quot;,&quot;credit&quot;:&quot;&quot;,&quot;camera&quot;:&quot;&quot;,&quot;caption&quot;:&quot;&quot;,&quot;created_timestamp&quot;:&quot;0&quot;,&quot;copyright&quot;:&quot;&quot;,&quot;focal_length&quot;:&quot;0&quot;,&quot;iso&quot;:&quot;0&quot;,&quot;shutter_speed&quot;:&quot;0&quot;,&quot;title&quot;:&quot;&quot;,&quot;orientation&quot;:&quot;0&quot;}\" data-image-title=\"Freeze-unlugged-Fugle-Kvinden_Karina_Moeller_fotoafNiels-Gerther\" data-image-description=\"\" data-image-caption=\"\" data-large-file=\"https:\/\/i0.wp.com\/freezeproductions.dk\/wp-content\/uploads\/2025\/09\/Freeze-unlugged-Fugle-Kvinden_Karina_Moeller_fotoafNiels-Gerther.jpg?fit=750%2C600&amp;ssl=1\" src=\"https:\/\/i0.wp.com\/freezeproductions.dk\/wp-content\/uploads\/2025\/09\/Freeze-unlugged-Fugle-Kvinden_Karina_Moeller_fotoafNiels-Gerther.jpg?resize=750%2C600&#038;ssl=1\" alt=\"\" class=\"wp-image-2572\" style=\"width:auto;height:600px\" srcset=\"https:\/\/i0.wp.com\/freezeproductions.dk\/wp-content\/uploads\/2025\/09\/Freeze-unlugged-Fugle-Kvinden_Karina_Moeller_fotoafNiels-Gerther.jpg?w=1000&amp;ssl=1 1000w, https:\/\/i0.wp.com\/freezeproductions.dk\/wp-content\/uploads\/2025\/09\/Freeze-unlugged-Fugle-Kvinden_Karina_Moeller_fotoafNiels-Gerther.jpg?resize=300%2C240&amp;ssl=1 300w, https:\/\/i0.wp.com\/freezeproductions.dk\/wp-content\/uploads\/2025\/09\/Freeze-unlugged-Fugle-Kvinden_Karina_Moeller_fotoafNiels-Gerther.jpg?resize=768%2C614&amp;ssl=1 768w, https:\/\/i0.wp.com\/freezeproductions.dk\/wp-content\/uploads\/2025\/09\/Freeze-unlugged-Fugle-Kvinden_Karina_Moeller_fotoafNiels-Gerther.jpg?resize=15%2C12&amp;ssl=1 15w\" sizes=\"(max-width: 750px) 100vw, 750px\" \/><\/figure>\n\n\n\n<p class=\"wp-block-paragraph\">\u201cDeep inside, in here through me, the blood of my ancestors breathes and reminds me to breathe, and to put on my real life.\u201d <\/p>\n\n\n\n<p class=\"wp-block-paragraph\">Experience Greenlandic actor, playwright, and singer Karina M\u00f8ller as the BIRD-WOMAN in a musical, soulful, and loving universe where honesty has room, and the eye sees far. Meet the woman who\u2014through her song, spirit, laughter, and words\u2014takes you on a journey to the inner self, to the Greenlandic mountains, to the raven, and to the Danish bathing pier.<\/p>\n\n\n\n<p class=\"wp-block-paragraph\">\u201cYou choose whether to approach me with fear or with love,\u201d she says, looking deep into the soul of our time.<\/p>\n\n\n\n<style>\n  \/* Centrerer videoen og fjerner luft *\/\n  .video-main-container {\n    width: 100%;\n    max-width: 100%; \n    margin-left: auto !important;\n    margin-right: auto !important;\n    margin-top: 0 !important;\n    margin-bottom: 0 !important;\n    padding: 0 !important;\n    display: block;\n  }\n  \n  \/* 16:9 format sikring *\/\n  .video-inner-wrapper {\n    position: relative;\n    padding-bottom: 56.25%;\n    height: 0;\n    overflow: hidden;\n    margin: 0 !important;\n  }\n  \n  .video-inner-wrapper iframe {\n    position: absolute;\n    top: 0;\n    left: 0;\n    width: 100%;\n    height: 100%;\n    border: 0;\n  }\n<\/style>\n\n<div class=\"video-main-container\">\n<div class=\"video-inner-wrapper\"><iframe src=\"https:\/\/player.vimeo.com\/video\/1164534298\" allow=\"autoplay; fullscreen\" allowfullscreen><\/iframe><\/div>\n<\/div>\n\n\n\n<p class=\"wp-block-paragraph\">Karina M\u00f8ller, Inuk, is a singer and actor who has performed all over the world. She has appeared in and directed theater productions at institutions including the National Theatre of Greenland, and she has performed as an actor in several of Teater freezeProductions\u2019 plays. <a href=\"https:\/\/freezeproductions.dk\/en\/jeg-baerer-min-sjael-tarnima-nammatai\/\" data-type=\"page\" data-id=\"1342\">The Wound of Our Soul <\/a>and BLOCK 4. Additionally, she performs in Alaska, the USA, Italy, and Canada.<\/p>\n\n\n\n<p class=\"wp-block-paragraph\">Through her work, Karina M\u00f8ller has received awards in the USA, Canada, and Italy. Her great passion is living and passing on Inuit culture.<\/p>\n\n\n\n<p class=\"wp-block-paragraph\">Script, performance, and song: Karina M\u00f8ller<br>Direction and dramaturgy: Hanne Trap Friis<br>Lyrics: Karina M\u00f8ller, Hivshu, and Avi\u00e2ja Egede Lynge<br>Composition: Karina M\u00f8ller<\/p>\n\n\n\n<p class=\"wp-block-paragraph\">BIRD-WOMAN is part of <a href=\"https:\/\/freezeproductions.dk\/en\/tre-groenlandske-kvindemonologer\/\" data-type=\"page\" data-id=\"2701\">THREE GREENLANDIC MONOLOGUES<\/a>, which also includes <a href=\"https:\/\/freezeproductions.dk\/en\/tre-groenlandske-kvindemonologer\/blaa-sne\/\" data-type=\"page\" data-id=\"2731\">BLUE SNOW<\/a> and <a href=\"https:\/\/freezeproductions.dk\/en\/tre-groenlandske-kvindemonologer\/den-smalle-issti\/\" data-type=\"page\" data-id=\"2728\">THE NARROW ICE PATH<\/a>. The monologues are presented as a collective performance, but they are also available for purchase and can be performed individually. They last 30 minutes each and are performed in Danish, English, and Greenlandic. They are suitable for both young and adult audiences.<\/p>\n\n\n\n<p class=\"wp-block-paragraph\"><\/p>","protected":false},"excerpt":{"rendered":"<p>\u201cDerinde, herinde gennem mig, \u00e5nder mine forf\u00e6dres blod og p\u00e5minder mig, at jeg skal \u00e5nde, og tage mit rigtige liv p\u00e5\u201c. Oplev den gr\u00f8nlandske skuespiller, dramatiker og sanger Karina M\u00f8ller som FUGLE-KVINDEN i et musisk, sj\u00e6leligt og k\u00e6rligt univers, hvor \u00e6rligheden har plads og \u00f8jet ser langt. M\u00f8d kvinden, som med sin sang, \u00e5nd, latter<a class=\"more-link\" href=\"https:\/\/freezeproductions.dk\/en\/tre-groenlandske-kvindemonologer\/fugle-kvinden\/\">Continue reading <span class=\"screen-reader-text\">&#8220;FUGLE-KVINDEN&#8221;<\/span><\/a><\/p>","protected":false},"author":206625829,"featured_media":0,"parent":2701,"menu_order":0,"comment_status":"closed","ping_status":"closed","template":"","meta":{"_coblocks_attr":"","_coblocks_dimensions":"","_coblocks_responsive_height":"","_coblocks_accordion_ie_support":"","_crdt_document":"","advanced_seo_description":"","jetpack_seo_html_title":"","jetpack_seo_noindex":false,"footnotes":""},"class_list":["post-2724","page","type-page","status-publish","hentry","entry"],"jetpack_likes_enabled":true,"jetpack_sharing_enabled":true,"jetpack_shortlink":"https:\/\/wp.me\/PcYt2q-HW","amp_enabled":true,"_links":{"self":[{"href":"https:\/\/freezeproductions.dk\/en\/wp-json\/wp\/v2\/pages\/2724","targetHints":{"allow":["GET"]}}],"collection":[{"href":"https:\/\/freezeproductions.dk\/en\/wp-json\/wp\/v2\/pages"}],"about":[{"href":"https:\/\/freezeproductions.dk\/en\/wp-json\/wp\/v2\/types\/page"}],"author":[{"embeddable":true,"href":"https:\/\/freezeproductions.dk\/en\/wp-json\/wp\/v2\/users\/206625829"}],"replies":[{"embeddable":true,"href":"https:\/\/freezeproductions.dk\/en\/wp-json\/wp\/v2\/comments?post=2724"}],"version-history":[{"count":23,"href":"https:\/\/freezeproductions.dk\/en\/wp-json\/wp\/v2\/pages\/2724\/revisions"}],"predecessor-version":[{"id":2854,"href":"https:\/\/freezeproductions.dk\/en\/wp-json\/wp\/v2\/pages\/2724\/revisions\/2854"}],"up":[{"embeddable":true,"href":"https:\/\/freezeproductions.dk\/en\/wp-json\/wp\/v2\/pages\/2701"}],"wp:attachment":[{"href":"https:\/\/freezeproductions.dk\/en\/wp-json\/wp\/v2\/media?parent=2724"}],"curies":[{"name":"wp","href":"https:\/\/api.w.org\/{rel}","templated":true}]}}