{"id":2728,"date":"2026-02-05T13:46:03","date_gmt":"2026-02-05T12:46:03","guid":{"rendered":"https:\/\/freezeproductions.dk\/?page_id=2728"},"modified":"2026-02-06T14:04:36","modified_gmt":"2026-02-06T13:04:36","slug":"den-smalle-issti","status":"publish","type":"page","link":"https:\/\/freezeproductions.dk\/en\/tre-groenlandske-kvindemonologer\/den-smalle-issti\/","title":{"rendered":"THE NARROW ICE PATH"},"content":{"rendered":"<figure class=\"wp-block-gallery has-nested-images columns-4 is-cropped wp-block-gallery-1 is-layout-flex wp-block-gallery-is-layout-flex\">\n<figure class=\"wp-block-image size-full\"><img data-recalc-dims=\"1\" fetchpriority=\"high\" decoding=\"async\" width=\"400\" height=\"650\" data-attachment-id=\"1922\" data-permalink=\"https:\/\/freezeproductions.dk\/en\/freeze-unplugged\/akustiske-forestillinger-den-smalle-issti-03\/\" data-orig-file=\"https:\/\/i0.wp.com\/freezeproductions.dk\/wp-content\/uploads\/2024\/04\/akustiske-forestillinger-den-smalle-issti-03.jpg?fit=400%2C650&amp;ssl=1\" data-orig-size=\"400,650\" data-comments-opened=\"1\" data-image-meta=\"{&quot;aperture&quot;:&quot;0&quot;,&quot;credit&quot;:&quot;&quot;,&quot;camera&quot;:&quot;&quot;,&quot;caption&quot;:&quot;&quot;,&quot;created_timestamp&quot;:&quot;0&quot;,&quot;copyright&quot;:&quot;&quot;,&quot;focal_length&quot;:&quot;0&quot;,&quot;iso&quot;:&quot;0&quot;,&quot;shutter_speed&quot;:&quot;0&quot;,&quot;title&quot;:&quot;&quot;,&quot;orientation&quot;:&quot;0&quot;}\" data-image-title=\"akustiske-forestillinger-den-smalle-issti-03\" data-image-description=\"\" data-image-caption=\"\" data-large-file=\"https:\/\/i0.wp.com\/freezeproductions.dk\/wp-content\/uploads\/2024\/04\/akustiske-forestillinger-den-smalle-issti-03.jpg?fit=400%2C650&amp;ssl=1\" data-id=\"1922\" src=\"https:\/\/i0.wp.com\/freezeproductions.dk\/wp-content\/uploads\/2024\/04\/akustiske-forestillinger-den-smalle-issti-03.jpg?resize=400%2C650&#038;ssl=1\" alt=\"\" class=\"wp-image-1922\" srcset=\"https:\/\/i0.wp.com\/freezeproductions.dk\/wp-content\/uploads\/2024\/04\/akustiske-forestillinger-den-smalle-issti-03.jpg?w=400&amp;ssl=1 400w, https:\/\/i0.wp.com\/freezeproductions.dk\/wp-content\/uploads\/2024\/04\/akustiske-forestillinger-den-smalle-issti-03.jpg?resize=185%2C300&amp;ssl=1 185w, https:\/\/i0.wp.com\/freezeproductions.dk\/wp-content\/uploads\/2024\/04\/akustiske-forestillinger-den-smalle-issti-03.jpg?resize=7%2C12&amp;ssl=1 7w\" sizes=\"(max-width: 400px) 100vw, 400px\" \/><\/figure>\n\n\n\n<figure class=\"wp-block-image size-full\"><img data-recalc-dims=\"1\" decoding=\"async\" width=\"400\" height=\"650\" data-attachment-id=\"1921\" data-permalink=\"https:\/\/freezeproductions.dk\/en\/freeze-unplugged\/akustiske-forestillinger-den-smalle-issti-02\/\" data-orig-file=\"https:\/\/i0.wp.com\/freezeproductions.dk\/wp-content\/uploads\/2024\/04\/akustiske-forestillinger-den-smalle-issti-02.jpg?fit=400%2C650&amp;ssl=1\" data-orig-size=\"400,650\" data-comments-opened=\"1\" data-image-meta=\"{&quot;aperture&quot;:&quot;0&quot;,&quot;credit&quot;:&quot;&quot;,&quot;camera&quot;:&quot;&quot;,&quot;caption&quot;:&quot;&quot;,&quot;created_timestamp&quot;:&quot;0&quot;,&quot;copyright&quot;:&quot;&quot;,&quot;focal_length&quot;:&quot;0&quot;,&quot;iso&quot;:&quot;0&quot;,&quot;shutter_speed&quot;:&quot;0&quot;,&quot;title&quot;:&quot;&quot;,&quot;orientation&quot;:&quot;0&quot;}\" data-image-title=\"akustiske-forestillinger-den-smalle-issti-02\" data-image-description=\"\" data-image-caption=\"\" data-large-file=\"https:\/\/i0.wp.com\/freezeproductions.dk\/wp-content\/uploads\/2024\/04\/akustiske-forestillinger-den-smalle-issti-02.jpg?fit=400%2C650&amp;ssl=1\" data-id=\"1921\" src=\"https:\/\/i0.wp.com\/freezeproductions.dk\/wp-content\/uploads\/2024\/04\/akustiske-forestillinger-den-smalle-issti-02.jpg?resize=400%2C650&#038;ssl=1\" alt=\"\" class=\"wp-image-1921\" srcset=\"https:\/\/i0.wp.com\/freezeproductions.dk\/wp-content\/uploads\/2024\/04\/akustiske-forestillinger-den-smalle-issti-02.jpg?w=400&amp;ssl=1 400w, https:\/\/i0.wp.com\/freezeproductions.dk\/wp-content\/uploads\/2024\/04\/akustiske-forestillinger-den-smalle-issti-02.jpg?resize=185%2C300&amp;ssl=1 185w, https:\/\/i0.wp.com\/freezeproductions.dk\/wp-content\/uploads\/2024\/04\/akustiske-forestillinger-den-smalle-issti-02.jpg?resize=7%2C12&amp;ssl=1 7w\" sizes=\"(max-width: 400px) 100vw, 400px\" \/><\/figure>\n\n\n\n<figure class=\"wp-block-image size-full\"><img data-recalc-dims=\"1\" decoding=\"async\" width=\"400\" height=\"650\" data-attachment-id=\"1919\" data-permalink=\"https:\/\/freezeproductions.dk\/en\/freeze-unplugged\/akustiske-forestillinger-den-smalle-issti-04\/\" data-orig-file=\"https:\/\/i0.wp.com\/freezeproductions.dk\/wp-content\/uploads\/2024\/04\/akustiske-forestillinger-den-smalle-issti-04.jpg?fit=400%2C650&amp;ssl=1\" data-orig-size=\"400,650\" data-comments-opened=\"1\" data-image-meta=\"{&quot;aperture&quot;:&quot;0&quot;,&quot;credit&quot;:&quot;&quot;,&quot;camera&quot;:&quot;&quot;,&quot;caption&quot;:&quot;&quot;,&quot;created_timestamp&quot;:&quot;0&quot;,&quot;copyright&quot;:&quot;&quot;,&quot;focal_length&quot;:&quot;0&quot;,&quot;iso&quot;:&quot;0&quot;,&quot;shutter_speed&quot;:&quot;0&quot;,&quot;title&quot;:&quot;&quot;,&quot;orientation&quot;:&quot;0&quot;}\" data-image-title=\"akustiske-forestillinger-den-smalle-issti-04\" data-image-description=\"\" data-image-caption=\"\" data-large-file=\"https:\/\/i0.wp.com\/freezeproductions.dk\/wp-content\/uploads\/2024\/04\/akustiske-forestillinger-den-smalle-issti-04.jpg?fit=400%2C650&amp;ssl=1\" data-id=\"1919\" src=\"https:\/\/i0.wp.com\/freezeproductions.dk\/wp-content\/uploads\/2024\/04\/akustiske-forestillinger-den-smalle-issti-04.jpg?resize=400%2C650&#038;ssl=1\" alt=\"\" class=\"wp-image-1919\" srcset=\"https:\/\/i0.wp.com\/freezeproductions.dk\/wp-content\/uploads\/2024\/04\/akustiske-forestillinger-den-smalle-issti-04.jpg?w=400&amp;ssl=1 400w, https:\/\/i0.wp.com\/freezeproductions.dk\/wp-content\/uploads\/2024\/04\/akustiske-forestillinger-den-smalle-issti-04.jpg?resize=185%2C300&amp;ssl=1 185w, https:\/\/i0.wp.com\/freezeproductions.dk\/wp-content\/uploads\/2024\/04\/akustiske-forestillinger-den-smalle-issti-04.jpg?resize=7%2C12&amp;ssl=1 7w\" sizes=\"(max-width: 400px) 100vw, 400px\" \/><\/figure>\n\n\n\n<figure class=\"wp-block-image size-full\"><img data-recalc-dims=\"1\" loading=\"lazy\" decoding=\"async\" width=\"400\" height=\"650\" data-attachment-id=\"1920\" data-permalink=\"https:\/\/freezeproductions.dk\/en\/freeze-unplugged\/akustiske-forestillinger-den-smalle-issti-01\/\" data-orig-file=\"https:\/\/i0.wp.com\/freezeproductions.dk\/wp-content\/uploads\/2024\/04\/akustiske-forestillinger-den-smalle-issti-01.jpg?fit=400%2C650&amp;ssl=1\" data-orig-size=\"400,650\" data-comments-opened=\"1\" data-image-meta=\"{&quot;aperture&quot;:&quot;0&quot;,&quot;credit&quot;:&quot;&quot;,&quot;camera&quot;:&quot;&quot;,&quot;caption&quot;:&quot;&quot;,&quot;created_timestamp&quot;:&quot;0&quot;,&quot;copyright&quot;:&quot;&quot;,&quot;focal_length&quot;:&quot;0&quot;,&quot;iso&quot;:&quot;0&quot;,&quot;shutter_speed&quot;:&quot;0&quot;,&quot;title&quot;:&quot;&quot;,&quot;orientation&quot;:&quot;0&quot;}\" data-image-title=\"akustiske-forestillinger-den-smalle-issti-01\" data-image-description=\"\" data-image-caption=\"\" data-large-file=\"https:\/\/i0.wp.com\/freezeproductions.dk\/wp-content\/uploads\/2024\/04\/akustiske-forestillinger-den-smalle-issti-01.jpg?fit=400%2C650&amp;ssl=1\" data-id=\"1920\" src=\"https:\/\/i0.wp.com\/freezeproductions.dk\/wp-content\/uploads\/2024\/04\/akustiske-forestillinger-den-smalle-issti-01.jpg?resize=400%2C650&#038;ssl=1\" alt=\"\" class=\"wp-image-1920\" srcset=\"https:\/\/i0.wp.com\/freezeproductions.dk\/wp-content\/uploads\/2024\/04\/akustiske-forestillinger-den-smalle-issti-01.jpg?w=400&amp;ssl=1 400w, https:\/\/i0.wp.com\/freezeproductions.dk\/wp-content\/uploads\/2024\/04\/akustiske-forestillinger-den-smalle-issti-01.jpg?resize=185%2C300&amp;ssl=1 185w, https:\/\/i0.wp.com\/freezeproductions.dk\/wp-content\/uploads\/2024\/04\/akustiske-forestillinger-den-smalle-issti-01.jpg?resize=7%2C12&amp;ssl=1 7w\" sizes=\"(max-width: 400px) 100vw, 400px\" \/><\/figure>\n<\/figure>\n\n\n\n<p class=\"wp-block-paragraph\">\u201cThe Greenlandic language is very logical and practical. For example, the Danish word for shooting star (stjerneskud) is poetic and beautiful. In Greenlandic, it is ullorissap anaa, which means star-poop! Or the expression, 'No cow on the ice' \u2014 well, hmm... we do not exactly encounter many cows on the ice where I come from. Or \u2018You weren't dropped behind a wagon\u2019\u2014what does that actually even mean?\u201d<\/p>\n\n\n\n<p class=\"wp-block-paragraph\">Experience Else Danielsen as the Greenlandic lawyer Aviaaja in this humorous, sharp stand-up monologue. She tackles Greenlandic-Danish linguistic quirks and body language, forced adoptions, a love of bonsai plants, and the struggle to be recognized as a highly educated Greenlander in Denmark \u2014 and why her clients always bring a wooden spoon when going to the doctor in Denmark.<\/p>\n\n\n\n<p class=\"wp-block-paragraph\">Else Danielsen studied at the Tuukkaq Theatre in Fjaltring. She has worked in many productions as an actor and director at the National Theatre of Greenland, in Canada, and on many major tours across Greenland, the USA, and Canada. She has authored multiple plays for children and adults, and has also appeared in Teater freezeProductions\u2019 performance <a href=\"https:\/\/freezeproductions.dk\/en\/din-historie-er-ogsaa-min-oqaluttuaatigut\/\" data-type=\"page\" data-id=\"1176\">Our Stories<\/a> and <a href=\"https:\/\/freezeproductions.dk\/en\/arkiv\/sletten\/\" data-type=\"page\" data-id=\"138\">SLETTEN\/NARSARSUAQ <\/a>project in 2021.<\/p>\n\n\n\n<p class=\"wp-block-paragraph\">Script and Performance: Else Danielsen<br>Direction and dramaturgy: Hanne Trap Friis<\/p>\n\n\n\n<p class=\"wp-block-paragraph\">THE NARROW ICEPATH is part of <a href=\"https:\/\/freezeproductions.dk\/en\/tre-groenlandske-kvindemonologer\/\" data-type=\"page\" data-id=\"2701\">THREE GREENLANDIC MONOLOGUES<\/a>, which also includes <a href=\"https:\/\/freezeproductions.dk\/en\/tre-groenlandske-kvindemonologer\/blaa-sne\/\" data-type=\"page\" data-id=\"2731\">BLUE SNOW<\/a> and <a href=\"https:\/\/freezeproductions.dk\/en\/tre-groenlandske-kvindemonologer\/fugle-kvinden\/\" data-type=\"page\" data-id=\"2724\">BIRD-WOMAN<\/a>. The monologues are presented as a collective performance, but they are also available for purchase and can be performed individually. They last 30 minutes each and are performed in Danish, English, and Greenlandic. They are suitable for both young and adult audiences.<\/p>","protected":false},"excerpt":{"rendered":"<p>\u201dDet gr\u00f8nlandske sprog er meget logisk og praktisk For eksempel er det danske ord stjerneskud poetisk og smukt. P\u00e5 gr\u00f8nlandsk er det ullorissap anaa\u2026 som betyder stjernelort! Og udtrykket \u2019Ingen ko p\u00e5 isen\u2019 &#8211; ja, tjaa, hmm.. vi oplever jo ligefrem ikke s\u00e5 mange k\u00f8er p\u00e5 isen, der hvor jeg kommer fra. Eller \u2019Du er<a class=\"more-link\" href=\"https:\/\/freezeproductions.dk\/en\/tre-groenlandske-kvindemonologer\/den-smalle-issti\/\">Continue reading <span class=\"screen-reader-text\">&#8220;DEN SMALLE ISSTI&#8221;<\/span><\/a><\/p>","protected":false},"author":206625829,"featured_media":0,"parent":2701,"menu_order":0,"comment_status":"closed","ping_status":"closed","template":"","meta":{"_coblocks_attr":"","_coblocks_dimensions":"","_coblocks_responsive_height":"","_coblocks_accordion_ie_support":"","_crdt_document":"","advanced_seo_description":"","jetpack_seo_html_title":"","jetpack_seo_noindex":false,"footnotes":""},"class_list":["post-2728","page","type-page","status-publish","hentry","entry"],"jetpack_likes_enabled":true,"jetpack_sharing_enabled":true,"jetpack_shortlink":"https:\/\/wp.me\/PcYt2q-I0","amp_enabled":true,"_links":{"self":[{"href":"https:\/\/freezeproductions.dk\/en\/wp-json\/wp\/v2\/pages\/2728","targetHints":{"allow":["GET"]}}],"collection":[{"href":"https:\/\/freezeproductions.dk\/en\/wp-json\/wp\/v2\/pages"}],"about":[{"href":"https:\/\/freezeproductions.dk\/en\/wp-json\/wp\/v2\/types\/page"}],"author":[{"embeddable":true,"href":"https:\/\/freezeproductions.dk\/en\/wp-json\/wp\/v2\/users\/206625829"}],"replies":[{"embeddable":true,"href":"https:\/\/freezeproductions.dk\/en\/wp-json\/wp\/v2\/comments?post=2728"}],"version-history":[{"count":7,"href":"https:\/\/freezeproductions.dk\/en\/wp-json\/wp\/v2\/pages\/2728\/revisions"}],"predecessor-version":[{"id":2779,"href":"https:\/\/freezeproductions.dk\/en\/wp-json\/wp\/v2\/pages\/2728\/revisions\/2779"}],"up":[{"embeddable":true,"href":"https:\/\/freezeproductions.dk\/en\/wp-json\/wp\/v2\/pages\/2701"}],"wp:attachment":[{"href":"https:\/\/freezeproductions.dk\/en\/wp-json\/wp\/v2\/media?parent=2728"}],"curies":[{"name":"wp","href":"https:\/\/api.w.org\/{rel}","templated":true}]}}