{"id":2731,"date":"2026-02-05T13:48:22","date_gmt":"2026-02-05T12:48:22","guid":{"rendered":"https:\/\/freezeproductions.dk\/?page_id=2731"},"modified":"2026-04-29T14:34:58","modified_gmt":"2026-04-29T12:34:58","slug":"blaa-sne","status":"publish","type":"page","link":"https:\/\/freezeproductions.dk\/en\/tre-groenlandske-kvindemonologer\/blaa-sne\/","title":{"rendered":"BLUE SNOW"},"content":{"rendered":"<figure class=\"wp-block-image size-full is-resized\"><img data-recalc-dims=\"1\" fetchpriority=\"high\" decoding=\"async\" width=\"750\" height=\"600\" data-attachment-id=\"2742\" data-permalink=\"https:\/\/freezeproductions.dk\/en\/tre-groenlandske-kvindemonologer\/blaa-sne\/blaa-sne-2\/\" data-orig-file=\"https:\/\/i0.wp.com\/freezeproductions.dk\/wp-content\/uploads\/2026\/02\/Blaa-sne.jpg?fit=1000%2C800&amp;ssl=1\" data-orig-size=\"1000,800\" data-comments-opened=\"1\" data-image-meta=\"{&quot;aperture&quot;:&quot;0&quot;,&quot;credit&quot;:&quot;&quot;,&quot;camera&quot;:&quot;&quot;,&quot;caption&quot;:&quot;&quot;,&quot;created_timestamp&quot;:&quot;0&quot;,&quot;copyright&quot;:&quot;&quot;,&quot;focal_length&quot;:&quot;0&quot;,&quot;iso&quot;:&quot;0&quot;,&quot;shutter_speed&quot;:&quot;0&quot;,&quot;title&quot;:&quot;&quot;,&quot;orientation&quot;:&quot;0&quot;}\" data-image-title=\"Blaa-sne\" data-image-description=\"\" data-image-caption=\"\" data-large-file=\"https:\/\/i0.wp.com\/freezeproductions.dk\/wp-content\/uploads\/2026\/02\/Blaa-sne.jpg?fit=750%2C600&amp;ssl=1\" src=\"https:\/\/i0.wp.com\/freezeproductions.dk\/wp-content\/uploads\/2026\/02\/Blaa-sne.jpg?resize=750%2C600&#038;ssl=1\" alt=\"\" class=\"wp-image-2742\" style=\"width:auto;height:600px\" srcset=\"https:\/\/i0.wp.com\/freezeproductions.dk\/wp-content\/uploads\/2026\/02\/Blaa-sne.jpg?w=1000&amp;ssl=1 1000w, https:\/\/i0.wp.com\/freezeproductions.dk\/wp-content\/uploads\/2026\/02\/Blaa-sne.jpg?resize=300%2C240&amp;ssl=1 300w, https:\/\/i0.wp.com\/freezeproductions.dk\/wp-content\/uploads\/2026\/02\/Blaa-sne.jpg?resize=768%2C614&amp;ssl=1 768w, https:\/\/i0.wp.com\/freezeproductions.dk\/wp-content\/uploads\/2026\/02\/Blaa-sne.jpg?resize=15%2C12&amp;ssl=1 15w\" sizes=\"(max-width: 750px) 100vw, 750px\" \/><\/figure>\n\n\n\n<p class=\"wp-block-paragraph\">Experience Reumert Award winner and Greenlandic actor and playwright Aviana Steinbacher in this powerful, raw, and sensitive performance about a young Greenlandic woman\u2019s life and her encounter with Denmark, love, racism, and her deep journey into herself and her culture. She leads us into a universe of poetry, inspiring movements from Greenlandic mask dancing to Facebook comments, and finding love in N\u00f8rrebro.<\/p>\n\n\n\n<p class=\"wp-block-paragraph\">\"I am proud of my survival, my consciousness, my spirituality, my understanding of nature, sila, and what lies between heaven and earth. I speak several languages, I am skilled at expressing myself through my body, and I can communicate without using words. I am gentleness and responsiveness; I am presence; I am in the moment; I am trusting of processes. I am patient, I am adaptable, I am Greenlander\u2014and I am proud.\"<\/p>\n\n\n\n<style>\n  \/* Centrerer videoen og fjerner luft *\/\n  .video-main-container {\n    width: 100%;\n    max-width: 100%; \n    margin-left: auto !important;\n    margin-right: auto !important;\n    margin-top: 0 !important;\n    margin-bottom: 0 !important;\n    padding: 0 !important;\n    display: block;\n  }\n  \n  \/* 16:9 format sikring *\/\n  .video-inner-wrapper {\n    position: relative;\n    padding-bottom: 56.25%;\n    height: 0;\n    overflow: hidden;\n    margin: 0 !important;\n  }\n  \n  .video-inner-wrapper iframe {\n    position: absolute;\n    top: 0;\n    left: 0;\n    width: 100%;\n    height: 100%;\n    border: 0;\n  }\n<\/style>\n\n<div class=\"video-main-container\">\n<div class=\"video-inner-wrapper\"><iframe src=\"https:\/\/player.vimeo.com\/video\/1159722692?title=1&amp;byline=0&amp;portrait=0&amp;badge=0&amp;autopause=0&amp;player_id=0&amp;app_id=58479\" frameborder=\"0\" allow=\"autoplay; fullscreen; picture-in-picture; clipboard-write; encrypted-media; web-share\" referrerpolicy=\"strict-origin-when-cross-origin\" style=\"position:absolute;top:0;left:0;width:100%;height:100%;\" title=\"Freeze_Bl\u00e5Sne_Trailer\"><\/iframe><\/div><script src=\"https:\/\/player.vimeo.com\/api\/player.js\"><\/script><\/div>\n\n\n\n<p class=\"wp-block-paragraph\">Aviana Steinbacher trained as an actress at the National Theatre of Greenland's acting school. In addition to her work with Theatre freezeproductions\u2019... <a href=\"https:\/\/freezeproductions.dk\/en\/det-arktiske-topmoede\/\" data-type=\"page\" data-id=\"1589\">The Arctic Summit<\/a> and <a href=\"https:\/\/freezeproductions.dk\/en\/detvito\/\" data-type=\"page\" data-id=\"2180\">Let's Talk About It<\/a> also appeared in the youth series Salsa on DR.<\/p>\n\n\n\n<p class=\"wp-block-paragraph\">Written and Performed by: Aviana Steinbacher<br>Direction and dramaturgy: Hanne Trap Friis<\/p>\n\n\n\n<p class=\"wp-block-paragraph\">BLUE SNOW is part of <a href=\"https:\/\/freezeproductions.dk\/en\/tre-groenlandske-kvindemonologer\/\" data-type=\"page\" data-id=\"2701\">THREE GREENLANDIC MONOLOGUES<\/a>. The monologues are presented as a collective performance, but they are also available for purchase and can be performed individually. They last 30 minutes each and are performed in Danish, English, and Greenlandic. They are suitable for both young and adult audiences.<\/p>\n\n\n\n<p class=\"wp-block-paragraph\"><\/p>","protected":false},"excerpt":{"rendered":"<p>Oplev Reumert-prismodtager og gr\u00f8nlandske skuespiller og manuskriptforfatter Aviana Steinbacher i denne st\u00e6rke, r\u00e5, f\u00f8lsomme forestilling om den unge gr\u00f8nlandske kvindes liv og favntag med Danmark, k\u00e6rligheden, racismen, og hendes dybe rejse ind i sig selv og sin kultur. Hun f\u00f8rer os ind i et univers med poesi, inspirerende bev\u00e6gelser fra den gr\u00f8nlandskemaskedans, facebook kommentarer og<a class=\"more-link\" href=\"https:\/\/freezeproductions.dk\/en\/tre-groenlandske-kvindemonologer\/blaa-sne\/\">Continue reading <span class=\"screen-reader-text\">&#8220;BL\u00c5 SNE&#8221;<\/span><\/a><\/p>","protected":false},"author":206625829,"featured_media":0,"parent":2701,"menu_order":0,"comment_status":"closed","ping_status":"closed","template":"","meta":{"_coblocks_attr":"","_coblocks_dimensions":"","_coblocks_responsive_height":"","_coblocks_accordion_ie_support":"","_crdt_document":"","advanced_seo_description":"","jetpack_seo_html_title":"","jetpack_seo_noindex":false,"footnotes":""},"class_list":["post-2731","page","type-page","status-publish","hentry","entry"],"jetpack_likes_enabled":true,"jetpack_sharing_enabled":true,"jetpack_shortlink":"https:\/\/wp.me\/PcYt2q-I3","amp_enabled":true,"_links":{"self":[{"href":"https:\/\/freezeproductions.dk\/en\/wp-json\/wp\/v2\/pages\/2731","targetHints":{"allow":["GET"]}}],"collection":[{"href":"https:\/\/freezeproductions.dk\/en\/wp-json\/wp\/v2\/pages"}],"about":[{"href":"https:\/\/freezeproductions.dk\/en\/wp-json\/wp\/v2\/types\/page"}],"author":[{"embeddable":true,"href":"https:\/\/freezeproductions.dk\/en\/wp-json\/wp\/v2\/users\/206625829"}],"replies":[{"embeddable":true,"href":"https:\/\/freezeproductions.dk\/en\/wp-json\/wp\/v2\/comments?post=2731"}],"version-history":[{"count":18,"href":"https:\/\/freezeproductions.dk\/en\/wp-json\/wp\/v2\/pages\/2731\/revisions"}],"predecessor-version":[{"id":3023,"href":"https:\/\/freezeproductions.dk\/en\/wp-json\/wp\/v2\/pages\/2731\/revisions\/3023"}],"up":[{"embeddable":true,"href":"https:\/\/freezeproductions.dk\/en\/wp-json\/wp\/v2\/pages\/2701"}],"wp:attachment":[{"href":"https:\/\/freezeproductions.dk\/en\/wp-json\/wp\/v2\/media?parent=2731"}],"curies":[{"name":"wp","href":"https:\/\/api.w.org\/{rel}","templated":true}]}}