{"id":378,"date":"2021-05-25T16:18:26","date_gmt":"2021-05-25T14:18:26","guid":{"rendered":"https:\/\/freezeproductions.dk\/?page_id=378"},"modified":"2026-04-29T14:52:12","modified_gmt":"2026-04-29T12:52:12","slug":"udsigt-og-blok-4","status":"publish","type":"page","link":"https:\/\/freezeproductions.dk\/en\/arkiv\/udsigt-og-blok-4\/","title":{"rendered":"THE VIEW"},"content":{"rendered":"<div class=\"wp-block-image is-style-default\">\n<figure class=\"aligncenter size-large\"><img data-recalc-dims=\"1\" fetchpriority=\"high\" decoding=\"async\" width=\"750\" height=\"499\" data-attachment-id=\"230\" data-permalink=\"https:\/\/freezeproductions.dk\/en\/forestillinger\/udsigt-2\/\" data-orig-file=\"https:\/\/i0.wp.com\/freezeproductions.dk\/wp-content\/uploads\/2021\/05\/udsigt.jpeg?fit=960%2C639&amp;ssl=1\" data-orig-size=\"960,639\" data-comments-opened=\"1\" data-image-meta=\"{&quot;aperture&quot;:&quot;0&quot;,&quot;credit&quot;:&quot;&quot;,&quot;camera&quot;:&quot;&quot;,&quot;caption&quot;:&quot;&quot;,&quot;created_timestamp&quot;:&quot;0&quot;,&quot;copyright&quot;:&quot;DIDA G HEILMANN&quot;,&quot;focal_length&quot;:&quot;0&quot;,&quot;iso&quot;:&quot;0&quot;,&quot;shutter_speed&quot;:&quot;0&quot;,&quot;title&quot;:&quot;&quot;,&quot;orientation&quot;:&quot;0&quot;}\" data-image-title=\"Udsigt\" data-image-description=\"\" data-image-caption=\"\" data-large-file=\"https:\/\/i0.wp.com\/freezeproductions.dk\/wp-content\/uploads\/2021\/05\/udsigt.jpeg?fit=750%2C499&amp;ssl=1\" src=\"https:\/\/i0.wp.com\/freezeproductions.dk\/wp-content\/uploads\/2021\/05\/udsigt.jpeg?resize=750%2C499&#038;ssl=1\" alt=\"\" class=\"wp-image-230\"\/><\/figure>\n<\/div>\n\n\n<p class=\"wp-block-paragraph\"><strong>THE VIEW<\/strong>&nbsp;By Makka Kleist is a story based on personal experiences. We meet an elderly woman who tells the story of when her family was relocated from the rural area to the concrete building in the city. Of the man who had to kill his 16 dogs and of the joy of getting running water. It is told vividly, introducing us to a powerful human being.<br>Makka Kleist is one of Greenland's most prominent actresses and story tellers. She has performed at the Greenlandic National Theatre, at Canadian Theatres and in Norway.<\/p>\n\n\n\n<figure class=\"wp-block-embed is-type-video is-provider-youtube wp-block-embed-youtube wp-embed-aspect-16-9 wp-has-aspect-ratio\"><div class=\"wp-block-embed__wrapper\">\n<span class=\"embed-youtube\" style=\"text-align:center; display: block;\"><iframe class=\"youtube-player\" width=\"750\" height=\"422\" src=\"https:\/\/www.youtube.com\/embed\/JMZRKheaeB8?version=3&#038;rel=1&#038;showsearch=0&#038;showinfo=1&#038;iv_load_policy=1&#038;fs=1&#038;hl=en-GB&#038;autohide=2&#038;wmode=transparent\" allowfullscreen=\"true\" style=\"border:0;\" sandbox=\"allow-scripts allow-same-origin allow-popups allow-presentation allow-popups-to-escape-sandbox\"><\/iframe><\/span>\n<\/div><\/figure>\n\n\n\n<blockquote class=\"wp-block-quote has-text-align-center is-style-default is-layout-flow wp-block-quote-is-layout-flow\">\n<p class=\"has-text-align-center wp-block-paragraph\"><em>Sletten\/\/Narsarsuaq is the most powerful piece of theatre I have ever seen. The highlight of the Nuuk Nordic Culture Festival in 2019 for me, I am still deeply affected by these stories and the remarkable performances I experienced.<\/em><\/p>\n<cite>Blogger Lisagermanyphotography.<\/cite><\/blockquote>\n\n\n\n<blockquote class=\"wp-block-quote has-text-align-center is-style-default is-layout-flow wp-block-quote-is-layout-flow\">\n<p class=\"has-text-align-center wp-block-paragraph\"><em>The impression on the audience was fascinating, filled with intimacy... Among the audiences most of us were emotionally touched, with both joy and sorrow. It is truly a different theatrical experience of the most relatable emotions, but also of the many unspoken emotional interactions which have played out between the people living in the blocks.<\/em>.<\/p>\n<cite>Juaaka Lyberth, Sermitsiaq AG.<\/cite><\/blockquote>\n\n\n\n<blockquote class=\"wp-block-quote has-text-align-center is-style-default is-layout-flow wp-block-quote-is-layout-flow\">\n<p class=\"has-text-align-center wp-block-paragraph\"><em>There are definitely important messages in The View as well as Block 4.<\/em><\/p>\n<cite>Trine W\u00f8ldiche, The Daily Newspaper <a rel=\"noreferrer noopener\" href=\"https:\/\/www.information.dk\/kultur\/anmeldelse\/2020\/10\/kim-leines-dramatikerdebut-beskriver-hoejtraabende-groenlandsk-mareridt\" target=\"_blank\">Information<\/a><\/cite><\/blockquote>\n\n\n\n<blockquote class=\"wp-block-quote has-text-align-center is-style-default is-layout-flow wp-block-quote-is-layout-flow\">\n<p class=\"has-text-align-center wp-block-paragraph\"><em>The View offers perspective<\/em><\/p>\n<cite>-\u2605\u2605\u2605\u2605\u2605 Kirsten Dahl,&nbsp;<a rel=\"noreferrer noopener\" href=\"https:\/\/stiften.dk\/artikel\/gribende-og-barske-gr%C3%B8nlandsfort%C3%A6llinger-varme-smil-v%C3%A5de-%C3%B8jne-og-vrede-mundvige\" target=\"_blank\">Stiften<\/a><\/cite><\/blockquote>\n\n\n\n<blockquote class=\"wp-block-quote has-text-align-center is-style-default is-layout-flow wp-block-quote-is-layout-flow\">\n<p class=\"has-text-align-center wp-block-paragraph\">Greenlandic Theatre leaves you with shiny eyes<br>in which you can mirror your Danish heart<\/p>\n<cite>-\u2605\u2605\u2605\u2605\u2605 Ambj\u00f8rn Happy,&nbsp;<a rel=\"noreferrer noopener\" href=\"https:\/\/kulturnyt.net\/groenlandsk-teater-anmeldelse-blok-4-udsigt\/\" target=\"_blank\">Kulturnyt<\/a><\/cite><\/blockquote>\n\n\n\n<blockquote class=\"wp-block-quote has-text-align-center is-style-default is-layout-flow wp-block-quote-is-layout-flow\">\n<p class=\"has-text-align-center wp-block-paragraph\"><em>Toward the determinate end you must surrender cause the performance concludes with the most beautiful Greenlandic song which accompanied by a montage of the Greenlandic landscapes and the inhabitants astonishes the audience. Definitely worth experiencing.&nbsp;<\/em><\/p>\n<cite>\u2013&nbsp;<img data-recalc-dims=\"1\" decoding=\"async\" src=\"https:\/\/i0.wp.com\/ungtteaterblod.dk\/wp-content\/plugins\/author-post-ratings\/images\/active.png?w=750&#038;ssl=1\"><img data-recalc-dims=\"1\" decoding=\"async\" src=\"https:\/\/i0.wp.com\/ungtteaterblod.dk\/wp-content\/plugins\/author-post-ratings\/images\/active.png?w=750&#038;ssl=1\"><img data-recalc-dims=\"1\" decoding=\"async\" src=\"https:\/\/i0.wp.com\/ungtteaterblod.dk\/wp-content\/plugins\/author-post-ratings\/images\/active.png?w=750&#038;ssl=1\"><img data-recalc-dims=\"1\" decoding=\"async\" src=\"https:\/\/i0.wp.com\/ungtteaterblod.dk\/wp-content\/plugins\/author-post-ratings\/images\/active.png?w=750&#038;ssl=1\">&nbsp;Thormod S. Kamban,&nbsp;<a rel=\"noreferrer noopener\" href=\"https:\/\/ungtteaterblod.dk\/anmeldelse-blok-4-og-udsigt-teatret-svalegangen-teater-freezeproductions\/\" target=\"_blank\">The Blog Ungt Teaterblod (Youthful Theatre Blood)<\/a><\/cite><\/blockquote>\n\n\n\n<div class=\"wp-block-columns is-layout-flex wp-container-core-columns-is-layout-7387b849 wp-block-columns-is-layout-flex\">\n<div class=\"wp-block-column is-layout-flow wp-block-column-is-layout-flow\" style=\"flex-basis:33.33%\">\n<p class=\"has-text-align-right wp-block-paragraph\"><strong>Credits<\/strong><br>Manuscript:<br>Performers:<br>Direction:<br>Composer:<br>Film editor:<br>Filmkredits:<\/p>\n<\/div>\n\n\n\n<div class=\"wp-block-column is-layout-flow wp-block-column-is-layout-flow\" style=\"flex-basis:66.66%\">\n<p class=\"wp-block-paragraph\"><br>Makka Kleist<br>Makka Kleist<br>Hanne Trap Friis<br>Hans Ole Amossen<br>Michael Lindskov Jacobsen<br>\u00c0nor\u00e2k Film<\/p>\n<\/div>\n<\/div>","protected":false},"excerpt":{"rendered":"<p>UDSIGT&nbsp;af Makka Kleist er en fort\u00e6lling baseret p\u00e5 personlige oplevelser. Vi m\u00f8der en \u00e6ldre kvinde, der fort\u00e6ller om dengang hendes familie blev flyttet fra bygden og ind i betonen. Om da manden skulle dr\u00e6be sine 16 hunde, og om gl\u00e6den ved at f\u00e5 rindende vand. Historien bliver fortalt i et fornemt fort\u00e6llergreb, hvor vi alle<a class=\"more-link\" href=\"https:\/\/freezeproductions.dk\/en\/arkiv\/udsigt-og-blok-4\/\">Continue reading <span class=\"screen-reader-text\">&#8220;UDSIGT&#8221;<\/span><\/a><\/p>","protected":false},"author":206625827,"featured_media":0,"parent":385,"menu_order":0,"comment_status":"closed","ping_status":"closed","template":"","meta":{"_coblocks_attr":"","_coblocks_dimensions":"","_coblocks_responsive_height":"","_coblocks_accordion_ie_support":"","_crdt_document":"","advanced_seo_description":"","jetpack_seo_html_title":"","jetpack_seo_noindex":false,"footnotes":""},"class_list":["post-378","page","type-page","status-publish","hentry","entry"],"jetpack_likes_enabled":true,"jetpack_sharing_enabled":true,"jetpack_shortlink":"https:\/\/wp.me\/PcYt2q-66","amp_enabled":true,"_links":{"self":[{"href":"https:\/\/freezeproductions.dk\/en\/wp-json\/wp\/v2\/pages\/378","targetHints":{"allow":["GET"]}}],"collection":[{"href":"https:\/\/freezeproductions.dk\/en\/wp-json\/wp\/v2\/pages"}],"about":[{"href":"https:\/\/freezeproductions.dk\/en\/wp-json\/wp\/v2\/types\/page"}],"author":[{"embeddable":true,"href":"https:\/\/freezeproductions.dk\/en\/wp-json\/wp\/v2\/users\/206625827"}],"replies":[{"embeddable":true,"href":"https:\/\/freezeproductions.dk\/en\/wp-json\/wp\/v2\/comments?post=378"}],"version-history":[{"count":19,"href":"https:\/\/freezeproductions.dk\/en\/wp-json\/wp\/v2\/pages\/378\/revisions"}],"predecessor-version":[{"id":3042,"href":"https:\/\/freezeproductions.dk\/en\/wp-json\/wp\/v2\/pages\/378\/revisions\/3042"}],"up":[{"embeddable":true,"href":"https:\/\/freezeproductions.dk\/en\/wp-json\/wp\/v2\/pages\/385"}],"wp:attachment":[{"href":"https:\/\/freezeproductions.dk\/en\/wp-json\/wp\/v2\/media?parent=378"}],"curies":[{"name":"wp","href":"https:\/\/api.w.org\/{rel}","templated":true}]}}